{"id":3057,"date":"2020-07-18T19:29:45","date_gmt":"2020-07-18T19:29:45","guid":{"rendered":"https:\/\/travel-jerusalem.com\/?page_id=3057"},"modified":"2020-09-25T15:47:39","modified_gmt":"2020-09-25T15:47:39","slug":"qui-sommes-nous","status":"publish","type":"page","link":"https:\/\/travel-jerusalem.com\/?page_id=3057&lang=fr","title":{"rendered":"QUI SOMMES-NOUS"},"content":{"rendered":"[vc_row tz_row_type=&#8221;grid&#8221; css=&#8221;.vc_custom_1497004699496{padding-bottom: 51px !important;background-color: #fafafa !important;}&#8221;][vc_column css=&#8221;.vc_custom_1496996563122{padding-right: 0px !important;padding-left: 0px !important;}&#8221;][vc_row_inner css=&#8221;.vc_custom_1496997267138{margin-top: 52px !important;}&#8221;][vc_column_inner el_class=&#8221;tz-title-about&#8221; css=&#8221;.vc_custom_1498465264493{padding-right: 0px !important;padding-left: 0px !important;}&#8221;][vc_column_text css=&#8221;.vc_custom_1598099536749{margin-bottom: 2px !important;}&#8221;]\n<p style=\"text-align: center;\"><span style=\"color: #000000;\"><strong><span style=\"font-size: 20px;\">TRAVEL JERUSALEM<\/span>\u00a0<\/strong><\/span><\/p>\n[\/vc_column_text][vc_column_text css=&#8221;.vc_custom_1601048473325{margin-bottom: 2px !important;}&#8221;]\n<p style=\"text-align: justify;\"><span style=\"color: #000000;\">Est un tour op\u00e9rateur r\u00e9ceptif qui propose une plateforme de r\u00e9servation en ligne, organise des voyages aussi bien destin\u00e9s aux individuels qu&#8217;aux groupes souhaitant voyager et d\u00e9couvrir la Terre Sainte et la r\u00e9gion du Proche-Orient, offrant les meilleurs itin\u00e9raires avec dates fixes et d\u00e9parts garantis. Partenaires et r\u00e9ceptif pour des nombreuses agences des voyages et tours op\u00e9rateurs de par le monde.<\/span><\/p>\n[\/vc_column_text][\/vc_column_inner][\/vc_row_inner][vc_row_inner css=&#8221;.vc_custom_1497002811554{margin-top: 39px !important;}&#8221;][vc_column_inner el_class=&#8221;tz-about-container&#8221; width=&#8221;1\/2&#8243;][vc_single_image image=&#8221;3173&#8243; img_size=&#8221;large&#8221; el_class=&#8221;tz-border-1&#8243;][vc_single_image image=&#8221;3197&#8243; img_size=&#8221;large&#8221; el_class=&#8221;tz-border-1&#8243;][vc_single_image image=&#8221;3175&#8243; img_size=&#8221;large&#8221; el_class=&#8221;tz-border-1&#8243;][vc_single_image image=&#8221;3174&#8243; img_size=&#8221;large&#8221; el_class=&#8221;tz-border-1&#8243;][vc_single_image image=&#8221;3176&#8243; img_size=&#8221;large&#8221; el_class=&#8221;tz-border-1&#8243;][vc_single_image image=&#8221;3182&#8243; img_size=&#8221;large&#8221; el_class=&#8221;tz-border-1&#8243;][\/vc_column_inner][vc_column_inner el_class=&#8221;tz-about-container&#8221; width=&#8221;1\/2&#8243; css=&#8221;.vc_custom_1498466461163{padding-top: 6px !important;}&#8221;][vc_column_text]\n<p style=\"text-align: justify;\"><span style=\"color: #000000;\"><strong>TRAVEL JERUSALEM <\/strong><\/span><span style=\"color: #000000;\">est la branche de Hla Tours et sa plateforme de r\u00e9servation en ligne op\u00e9rant dans le tourisme depuis 1999 et agissant en tant que tour op\u00e9rateur r\u00e9ceptif en Terre Sainte et au Proche-Orient.<\/span><\/p>\n<p style=\"text-align: justify;\"><span style=\"color: #000000;\">Une soci\u00e9t\u00e9 de voyages \u00e0 service complet d\u00e9di\u00e9e \u00e0 fournir les meilleurs s\u00e9jours \u00e0 forfaits : h\u00f4tels, accompagnement, transport, visites guid\u00e9es, et toutes sortes de services de haute qualit\u00e9 li\u00e9s aux d\u00e9sirs et besoins des voyageurs. Comme organisateur, se diff\u00e9rencier de la foule gr\u00e2ce \u00e0 un acc\u00e8s exclusif, vivre des exp\u00e9riences authentiques, propose <\/span><span style=\"color: #000000;\">des circuits tr\u00e8s vari\u00e9s pour r\u00e9pondre aux besoins et au budget de chacun. Un service client extraordinaire et bien plus encore, fond\u00e9 sur la conviction que le tourisme doit \u00eatre un v\u00e9hicule pour un monde plus positif et interconnect\u00e9.<\/span><\/p>\n<p style=\"text-align: justify;\"><span style=\"color: #000000;\">Un organisateur de voyage assur\u00e9 et agr\u00e9\u00e9 par les autorit\u00e9s locales et membre de l&#8217;association des tours op\u00e9rateurs r\u00e9ceptifs en Terre Sainte. Travel J\u00e9rusalem se conforme aux lois et r\u00e8glements locaux des organisateurs de voyages.<\/span><\/p>\n<p style=\"text-align: justify;\"><span style=\"color: #000000;\"><strong>Notre mission<\/strong><\/span><\/p>\n<p style=\"text-align: justify;\"><span style=\"color: #000000;\">R\u00e9pondre \u00e0 vos envies d\u2019authenticit\u00e9 et d\u2019\u00e9merveillement. R\u00e9aliser chaque ann\u00e9e les r\u00eaves de milliers de personnes qui visitent la Terre Sainte ou qui combinent leurs voyages avec la Jordanie et l&#8217;\u00c9gypte. Proposer des forfaits vari\u00e9s et abordables pour une exp\u00e9rience unique et de qualit\u00e9.<\/span><\/p>\n<p style=\"text-align: justify;\"><span style=\"color: #000000;\"><strong>Buts et objectifs :<\/strong><\/span><\/p>\n<p style=\"text-align: justify;\"><span style=\"color: #000000;\">Notre objectif est d&#8217;offrir \u00e0 nos clients les meilleurs services et les plus beaux voyages. Procurer une exp\u00e9rience unique et inoubliable \u00e0 nos h\u00f4tes. Encourager toutes les personnes \u00e0 travers le monde \u00e0 voyager et \u00e0 d\u00e9couvrir la Terre Sainte, les sites arch\u00e9ologiques et historiques, les populations locales et le patrimoine par une offre comp\u00e9titive.<\/span><\/p>\n<p style=\"text-align: center;\"><span style=\"color: #000000;\"><strong>POUR QUOI VOYAGER AVEC TRAVEL JERUSALEM\u00a0? <\/strong><\/span><\/p>\n<ul style=\"text-align: justify;\">\n<li><span style=\"color: #000000;\"><strong>Qualit\u00e9 et service<\/strong><\/span><\/li>\n<\/ul>\n<p style=\"text-align: justify;\"><span style=\"color: #000000;\">Nous surveillons de pr\u00e8s la satisfaction de nos clients et recherchons constamment de nouvelles fa\u00e7ons de r\u00e9pondre \u00e0 leurs attentes. Car ce qui compte le plus dans un voyage, c\u2019est vous !<\/span><\/p>\n<p style=\"text-align: justify;\"><span style=\"color: #000000;\">Notre vocation est de r\u00e9aliser un s\u00e9jour sur mesure en fonction de vos int\u00e9r\u00eats. Avec notre \u00e9coute attentive, notre exp\u00e9rience et notre expertise, nous cr\u00e9erons le voyage qui vous fait r\u00eaver.<\/span><\/p>\n<ul style=\"text-align: justify;\">\n<li><span style=\"color: #000000;\"><strong> Une touche personnelle<\/strong><\/span><\/li>\n<\/ul>\n<p style=\"text-align: justify;\"><span style=\"color: #000000;\">Que vous soyez en qu\u00eate d\u2019inspiration ou que vous sachiez d\u00e9j\u00e0 ce que vous voulez faire, nous vous \u00e9coutons et vous conseillons pour que votre voyage soit une totale r\u00e9ussite. D\u00e8s le premier contact, pendant toute la dur\u00e9e de votre s\u00e9jour, et jusqu&#8217;\u00e0 votre retour, nous sommes avec vous, pour r\u00e9aliser votre exp\u00e9rience sur mesure et en toute s\u00e9curit\u00e9.<\/span><\/p>\n<ul style=\"text-align: justify;\">\n<li><span style=\"color: #000000;\"><strong>Expertise locale<\/strong><\/span><\/li>\n<\/ul>\n<p style=\"text-align: justify;\"><span style=\"color: #000000;\">Des guides locaux professionnels connaissant sur le bout des doigts la r\u00e9gion, vous garantissent d\u00e9couverte et s\u00e9curit\u00e9.<\/span><\/p>\n<ul style=\"text-align: justify;\">\n<li><span style=\"color: #000000;\"><strong> Voyages sur mesure<\/strong><\/span><\/li>\n<\/ul>\n<p style=\"text-align: justify;\"><span style=\"color: #000000;\">Sp\u00e9cialiste des destinations, notre expertise et notre connaissance du terrain sont l\u00e0 pour vous aider \u00e0 faire les bons choix pour chaque \u00e9tape et pour construire avec vous, le voyage dont vous r\u00eavez. Faites appel \u00e0 un sp\u00e9cialiste pour votre voyage. Faites-nous part de vos aspirations et ensemble, donnons leur vie.<\/span><\/p>\n<ul style=\"text-align: justify;\">\n<li><span style=\"color: #000000;\"><strong> Professionnalisme<\/strong><\/span><\/li>\n<\/ul>\n<p style=\"text-align: justify;\"><span style=\"color: #000000;\">Notre \u00e9quipe professionnelle s&#8217;assure toujours que vous obteniez la meilleure exp\u00e9rience et de la satisfaction. Nos clients sont nos meilleurs ambassadeurs.<\/span><\/p>\n<ul style=\"text-align: justify;\">\n<li><span style=\"color: #000000;\"><strong> Longue exp\u00e9rience<\/strong><\/span><\/li>\n<\/ul>\n<p style=\"text-align: justify;\"><span style=\"color: #000000;\">Une agence forte d\u2019une exp\u00e9rience de plus de 20 ans dans l\u2019organisation de voyages en Terre Sainte et au Proche-Orient.<\/span><\/p>\n<ul style=\"text-align: justify;\">\n<li><span style=\"color: #000000;\"><strong> Tourisme responsable<\/strong><\/span><\/li>\n<\/ul>\n<p style=\"text-align: justify;\"><span style=\"color: #000000;\">Des rencontres et \u00e9changes avec les populations locales. Partage et soutien au d\u00e9veloppement durable.<\/span><\/p>\n<ul style=\"text-align: justify;\">\n<li><span style=\"color: #000000;\"><strong> \u00c9conomisez du temps, de l&#8217;argent et des efforts <\/strong><\/span><\/li>\n<\/ul>\n<p style=\"text-align: justify;\"><span style=\"color: #000000;\">Vous pouvez \u00e9conomiser du temps et de l&#8217;argent en r\u00e9servant tous vos services d&#8217;itin\u00e9raire directement avec un voyagiste local sp\u00e9cialis\u00e9. Gr\u00e2ce \u00e0 notre expertise et nos connaissances, nous fournissons toutes sortes de services li\u00e9s aux besoins des clients.<\/span><\/p>\n<ul style=\"text-align: justify;\">\n<li><span style=\"color: #000000;\"><strong> Feed-back <\/strong><\/span><\/li>\n<\/ul>\n<p style=\"text-align: justify;\"><span style=\"color: #000000;\">Un seul et m\u00eame objectif, votre satisfaction. Nous accordons une importance capitale aux feed-back de nos clients, connaitre leurs satisfactions et ressentis, dans l\u2019objectif d\u2019am\u00e9liorer nos performances.<\/span><\/p>\n<p style=\"text-align: justify;\"><span style=\"color: #000000;\"><strong>Nous contacter :<\/strong><\/span><\/p>\n<p><span style=\"color: #000000;\">Nous sommes tr\u00e8s heureux de vous conseiller et de vous aider \u00e0 vous assurer le voyage parfait.<\/span><\/p>\n<p><span style=\"color: #000000;\">Vous pouvez soit nous contacter pour des questions g\u00e9n\u00e9rales ou utiliser notre formulaire de r\u00e9servation.<\/span><\/p>\n<p><span style=\"color: #000000;\">Ou vous pouvez nous appeler par WhatsApp n\u00b0 00972 522762493<\/span><\/p>\n<p><span style=\"color: #000000;\">T\u00e9l : +970 (0) 2 2755320<\/span><\/p>\n<p><span style=\"color: #000000;\">Courriel : info@hla-tours.com<\/span><\/p>\n<p style=\"text-align: justify;\"><span style=\"color: #000000;\"><strong>\u00a0<\/strong><\/span><\/p>\n<p style=\"text-align: justify;\"><span style=\"color: #000000;\"><strong>\u00a0<\/strong><\/span><\/p>\n[\/vc_column_text][vc_empty_space][\/vc_column_inner][\/vc_row_inner][\/vc_column][\/vc_row][vc_row tz_row_type=&#8221;grid&#8221; css=&#8221;.vc_custom_1497239963970{padding-top: 51px !important;padding-bottom: 66px !important;}&#8221;][vc_column][\/vc_column][\/vc_row]\n","protected":false},"excerpt":{"rendered":"<p>[vc_row tz_row_type=&#8221;grid&#8221; css=&#8221;.vc_custom_1497004699496{padding-bottom: 51px !important;background-color: #fafafa !important;}&#8221;][vc_column css=&#8221;.vc_custom_1496996563122{padding-right: 0px !important;padding-left: 0px !important;}&#8221;][vc_row_inner css=&#8221;.vc_custom_1496997267138{margin-top: 52px !important;}&#8221;][vc_column_inner el_class=&#8221;tz-title-about&#8221; css=&#8221;.vc_custom_1498465264493{padding-right: 0px !important;padding-left: 0px !important;}&#8221;][vc_column_text css=&#8221;.vc_custom_1598099536749{margin-bottom: 2px !important;}&#8221;] TRAVEL JERUSALEM\u00a0 [\/vc_column_text][vc_column_text css=&#8221;.vc_custom_1601048473325{margin-bottom: 2px !important;}&#8221;] Est un tour op\u00e9rateur r\u00e9ceptif qui propose une plateforme de r\u00e9servation en ligne, organise des voyages aussi bien destin\u00e9s aux individuels qu&#8217;aux groupes souhaitant voyager [&hellip;]<\/p>\n","protected":false},"author":2,"featured_media":0,"parent":0,"menu_order":0,"comment_status":"closed","ping_status":"closed","template":"","meta":{"om_disable_all_campaigns":false,"_monsterinsights_skip_tracking":false,"_monsterinsights_sitenote_active":false,"_monsterinsights_sitenote_note":"","_monsterinsights_sitenote_category":0,"footnotes":""},"class_list":["post-3057","page","type-page","status-publish","hentry"],"aioseo_notices":[],"_links":{"self":[{"href":"https:\/\/travel-jerusalem.com\/index.php?rest_route=\/wp\/v2\/pages\/3057","targetHints":{"allow":["GET"]}}],"collection":[{"href":"https:\/\/travel-jerusalem.com\/index.php?rest_route=\/wp\/v2\/pages"}],"about":[{"href":"https:\/\/travel-jerusalem.com\/index.php?rest_route=\/wp\/v2\/types\/page"}],"author":[{"embeddable":true,"href":"https:\/\/travel-jerusalem.com\/index.php?rest_route=\/wp\/v2\/users\/2"}],"replies":[{"embeddable":true,"href":"https:\/\/travel-jerusalem.com\/index.php?rest_route=%2Fwp%2Fv2%2Fcomments&post=3057"}],"version-history":[{"count":19,"href":"https:\/\/travel-jerusalem.com\/index.php?rest_route=\/wp\/v2\/pages\/3057\/revisions"}],"predecessor-version":[{"id":3457,"href":"https:\/\/travel-jerusalem.com\/index.php?rest_route=\/wp\/v2\/pages\/3057\/revisions\/3457"}],"wp:attachment":[{"href":"https:\/\/travel-jerusalem.com\/index.php?rest_route=%2Fwp%2Fv2%2Fmedia&parent=3057"}],"curies":[{"name":"wp","href":"https:\/\/api.w.org\/{rel}","templated":true}]}}