{"id":3081,"date":"2020-07-18T20:48:12","date_gmt":"2020-07-18T20:48:12","guid":{"rendered":"https:\/\/travel-jerusalem.com\/?page_id=3081"},"modified":"2020-07-18T20:48:12","modified_gmt":"2020-07-18T20:48:12","slug":"combines-avec-la-jordanie-legypte","status":"publish","type":"page","link":"https:\/\/travel-jerusalem.com\/?page_id=3081&lang=fr","title":{"rendered":"Combin\u00e9s avec la Jordanie &#038; l&#8217;Egypte"},"content":{"rendered":"[vc_row][vc_column]    <div class=\"tzElement_Destination type-4 destination--column  \">\r\n        \r\n            \r\n                                    <div class=\"distination-item \">\r\n                                                <div class=\"des-img\" >\r\n                            <a href=\"https:\/\/travel-jerusalem.com\/?destination=pelerinages-chretien-combines&#038;lang=fr\">\r\n                                <img loading=\"lazy\" decoding=\"async\" width=\"1920\" height=\"693\" src=\"https:\/\/travel-jerusalem.com\/wp-content\/uploads\/2020\/06\/Mount-of-Olives-Tour-2.jpg?wsr\" class=\"attachment-full\" alt=\"\" srcset=\"https:\/\/travel-jerusalem.com\/wp-content\/uploads\/2020\/06\/Mount-of-Olives-Tour-2.jpg 1920w, https:\/\/travel-jerusalem.com\/wp-content\/uploads\/2020\/06\/Mount-of-Olives-Tour-2-300x108.jpg 300w, https:\/\/travel-jerusalem.com\/wp-content\/uploads\/2020\/06\/Mount-of-Olives-Tour-2-1024x370.jpg 1024w, https:\/\/travel-jerusalem.com\/wp-content\/uploads\/2020\/06\/Mount-of-Olives-Tour-2-768x277.jpg 768w, https:\/\/travel-jerusalem.com\/wp-content\/uploads\/2020\/06\/Mount-of-Olives-Tour-2-1536x554.jpg 1536w, https:\/\/travel-jerusalem.com\/wp-content\/uploads\/2020\/06\/Mount-of-Olives-Tour-2-600x217.jpg 600w\" sizes=\"auto, (max-width: 1920px) 100vw, 1920px\" \/><div class=\"tz-overlay\"><\/div>                            <\/a>\r\n                        <\/div>\r\n                        <div class=\"content\">\r\n                            <h3 class=\"title\">\r\n                                <a href=\"https:\/\/travel-jerusalem.com\/?destination=pelerinages-chretien-combines&#038;lang=fr\">Pelerinages Chr\u00e9tien combin\u00e9s<\/a>\r\n                            <\/h3>\r\n\r\n                                                            <div class=\"count-offer\">3 Deal Offers<\/div>\r\n                                <p>Sur la trace de la Chr\u00e9tient\u00e9, des lieux de m\u00e9moire \u00e0 d\u00e9couvrir et \u00e0 vivre. Quelques jours \u00e0 la crois\u00e9e des cultures et des religions\u2026 entre le temporel et l\u2019intemporel. Se laisser initier aux charmes les plus mystiques de l\u2019Orient et retrouver les origines de l\u2019Occident, suivre les \u00e9toiles, toucher le Sacr\u00e9, habiter tous ces [&hellip;]<\/p>\n                            \r\n                            \r\n                                <div class=\"rating\">\r\n                                    <div class=\"tz-average-rating\"><div class=\"tz-rating tz-rating-0\"><\/div><\/div><small>-<\/small>                                    <span class=\"reviews-count\">0 Review<\/span>\r\n                                <\/div>\r\n                                <a class=\"tz-view-more\" href=\"https:\/\/travel-jerusalem.com\/?destination=pelerinages-chretien-combines&#038;lang=fr\"> View More<\/a>\r\n                                                    <\/div>\r\n                    <\/div>\r\n                                                    <\/div>\r\n    [vc_empty_space][\/vc_column][\/vc_row][vc_row][vc_column]    <div class=\"tzElement_Destination type-4 destination--column  \">\r\n        \r\n            \r\n                                    <div class=\"distination-item \">\r\n                                                <div class=\"des-img\" >\r\n                            <a href=\"https:\/\/travel-jerusalem.com\/?destination=hauts-lieux-de-lislam-combines&#038;lang=fr\">\r\n                                <img loading=\"lazy\" decoding=\"async\" width=\"1920\" height=\"693\" src=\"https:\/\/travel-jerusalem.com\/wp-content\/uploads\/2020\/06\/Qibla-Tour-2.jpg?wsr\" class=\"attachment-full\" alt=\"\" srcset=\"https:\/\/travel-jerusalem.com\/wp-content\/uploads\/2020\/06\/Qibla-Tour-2.jpg 1920w, https:\/\/travel-jerusalem.com\/wp-content\/uploads\/2020\/06\/Qibla-Tour-2-300x108.jpg 300w, https:\/\/travel-jerusalem.com\/wp-content\/uploads\/2020\/06\/Qibla-Tour-2-1024x370.jpg 1024w, https:\/\/travel-jerusalem.com\/wp-content\/uploads\/2020\/06\/Qibla-Tour-2-768x277.jpg 768w, https:\/\/travel-jerusalem.com\/wp-content\/uploads\/2020\/06\/Qibla-Tour-2-1536x554.jpg 1536w, https:\/\/travel-jerusalem.com\/wp-content\/uploads\/2020\/06\/Qibla-Tour-2-600x217.jpg 600w\" sizes=\"auto, (max-width: 1920px) 100vw, 1920px\" \/><div class=\"tz-overlay\"><\/div>                            <\/a>\r\n                        <\/div>\r\n                        <div class=\"content\">\r\n                            <h3 class=\"title\">\r\n                                <a href=\"https:\/\/travel-jerusalem.com\/?destination=hauts-lieux-de-lislam-combines&#038;lang=fr\">Hauts lieux de l&#8217;Islam Combin\u00e9s<\/a>\r\n                            <\/h3>\r\n\r\n                                                            <div class=\"count-offer\">4 Deal Offers<\/div>\r\n                                <p>Voyages sur les traces des proph\u00e8tes \u00a0dans des endroits o\u00f9 chaque pierre, chaque \u00e9difice, chaque pilier a une histoire \u00e0 nous d\u00e9voiler. Marcher sur les pas des proph\u00e8tes ; Ibrahim, d\u2019Isma\u00ebl, de Isaac, de Yacoub, de Moussa, de Daoud, de Souleyman, d\u2019Issa, \u2026de Mohammad (sallAllahou \u2019alayhim wa salam). Ils \u00e9taient tous l\u00e0\u2026cette terre de Palestine [&hellip;]<\/p>\n                            \r\n                            \r\n                                <div class=\"rating\">\r\n                                    <div class=\"tz-average-rating\"><div class=\"tz-rating tz-rating-0\"><\/div><\/div><small>-<\/small>                                    <span class=\"reviews-count\">0 Review<\/span>\r\n                                <\/div>\r\n                                <a class=\"tz-view-more\" href=\"https:\/\/travel-jerusalem.com\/?destination=hauts-lieux-de-lislam-combines&#038;lang=fr\"> View More<\/a>\r\n                                                    <\/div>\r\n                    <\/div>\r\n                                                    <\/div>\r\n    [vc_empty_space][\/vc_column][\/vc_row][vc_row][vc_column]    <div class=\"tzElement_Destination type-4 destination--column  \">\r\n        \r\n            \r\n                                    <div class=\"distination-item \">\r\n                                                <div class=\"des-img\" >\r\n                            <a href=\"https:\/\/travel-jerusalem.com\/?destination=circuits-culturels-combines&#038;lang=fr\">\r\n                                <img loading=\"lazy\" decoding=\"async\" width=\"1920\" height=\"693\" src=\"https:\/\/travel-jerusalem.com\/wp-content\/uploads\/2020\/06\/Combined-With-Jordan-And-Egypt.jpg?wsr\" class=\"attachment-full\" alt=\"\" srcset=\"https:\/\/travel-jerusalem.com\/wp-content\/uploads\/2020\/06\/Combined-With-Jordan-And-Egypt.jpg 1920w, https:\/\/travel-jerusalem.com\/wp-content\/uploads\/2020\/06\/Combined-With-Jordan-And-Egypt-300x108.jpg 300w, https:\/\/travel-jerusalem.com\/wp-content\/uploads\/2020\/06\/Combined-With-Jordan-And-Egypt-1024x370.jpg 1024w, https:\/\/travel-jerusalem.com\/wp-content\/uploads\/2020\/06\/Combined-With-Jordan-And-Egypt-768x277.jpg 768w, https:\/\/travel-jerusalem.com\/wp-content\/uploads\/2020\/06\/Combined-With-Jordan-And-Egypt-1536x554.jpg 1536w, https:\/\/travel-jerusalem.com\/wp-content\/uploads\/2020\/06\/Combined-With-Jordan-And-Egypt-600x217.jpg 600w\" sizes=\"auto, (max-width: 1920px) 100vw, 1920px\" \/><div class=\"tz-overlay\"><\/div>                            <\/a>\r\n                        <\/div>\r\n                        <div class=\"content\">\r\n                            <h3 class=\"title\">\r\n                                <a href=\"https:\/\/travel-jerusalem.com\/?destination=circuits-culturels-combines&#038;lang=fr\">Circuits culturels combin\u00e9s<\/a>\r\n                            <\/h3>\r\n\r\n                                                            <div class=\"count-offer\">4 Deal Offers<\/div>\r\n                                <p>Voyage culturel en Egypte \u2013 Jordanie &#8211; Palestine et Isra\u00ebl Passez un long week-end \u00e0 J\u00e9rusalem ou une semaine en terre Sainte, Palestine &amp; Isra\u00ebl. Ou encore une dizaine de jours (ou plus) en combinant l\u2019aventure avec la d\u00e9couverte de la Jordanie ou de l\u2019\u00c9gypte. Travel Jerusalem vous propose divers circuits au berceau des civilisations [&hellip;]<\/p>\n                            \r\n                            \r\n                                <div class=\"rating\">\r\n                                    <div class=\"tz-average-rating\"><div class=\"tz-rating tz-rating-0\"><\/div><\/div><small>-<\/small>                                    <span class=\"reviews-count\">0 Review<\/span>\r\n                                <\/div>\r\n                                <a class=\"tz-view-more\" href=\"https:\/\/travel-jerusalem.com\/?destination=circuits-culturels-combines&#038;lang=fr\"> View More<\/a>\r\n                                                    <\/div>\r\n                    <\/div>\r\n                                                    <\/div>\r\n    [vc_empty_space][\/vc_column][\/vc_row]\n","protected":false},"excerpt":{"rendered":"<p>[vc_row][vc_column][vc_empty_space][\/vc_column][\/vc_row][vc_row][vc_column][vc_empty_space][\/vc_column][\/vc_row][vc_row][vc_column][vc_empty_space][\/vc_column][\/vc_row]<\/p>\n","protected":false},"author":2,"featured_media":0,"parent":0,"menu_order":0,"comment_status":"closed","ping_status":"closed","template":"","meta":{"om_disable_all_campaigns":false,"_monsterinsights_skip_tracking":false,"_monsterinsights_sitenote_active":false,"_monsterinsights_sitenote_note":"","_monsterinsights_sitenote_category":0,"footnotes":""},"class_list":["post-3081","page","type-page","status-publish","hentry"],"aioseo_notices":[],"_links":{"self":[{"href":"https:\/\/travel-jerusalem.com\/index.php?rest_route=\/wp\/v2\/pages\/3081","targetHints":{"allow":["GET"]}}],"collection":[{"href":"https:\/\/travel-jerusalem.com\/index.php?rest_route=\/wp\/v2\/pages"}],"about":[{"href":"https:\/\/travel-jerusalem.com\/index.php?rest_route=\/wp\/v2\/types\/page"}],"author":[{"embeddable":true,"href":"https:\/\/travel-jerusalem.com\/index.php?rest_route=\/wp\/v2\/users\/2"}],"replies":[{"embeddable":true,"href":"https:\/\/travel-jerusalem.com\/index.php?rest_route=%2Fwp%2Fv2%2Fcomments&post=3081"}],"version-history":[{"count":1,"href":"https:\/\/travel-jerusalem.com\/index.php?rest_route=\/wp\/v2\/pages\/3081\/revisions"}],"predecessor-version":[{"id":3082,"href":"https:\/\/travel-jerusalem.com\/index.php?rest_route=\/wp\/v2\/pages\/3081\/revisions\/3082"}],"wp:attachment":[{"href":"https:\/\/travel-jerusalem.com\/index.php?rest_route=%2Fwp%2Fv2%2Fmedia&parent=3081"}],"curies":[{"name":"wp","href":"https:\/\/api.w.org\/{rel}","templated":true}]}}