{"id":3214,"date":"2020-08-08T19:23:56","date_gmt":"2020-08-08T19:23:56","guid":{"rendered":"https:\/\/travel-jerusalem.com\/?page_id=3214"},"modified":"2020-09-25T15:55:56","modified_gmt":"2020-09-25T15:55:56","slug":"mentions-legales","status":"publish","type":"page","link":"https:\/\/travel-jerusalem.com\/?page_id=3214&lang=fr","title":{"rendered":"Mentions l\u00e9gales"},"content":{"rendered":"[vc_row tz_row_type=&#8221;grid&#8221; css=&#8221;.vc_custom_1497004699496{padding-bottom: 51px !important;background-color: #fafafa !important;}&#8221;][vc_column css=&#8221;.vc_custom_1496996563122{padding-right: 0px !important;padding-left: 0px !important;}&#8221;][vc_row_inner css=&#8221;.vc_custom_1496997267138{margin-top: 52px !important;}&#8221;][vc_column_inner el_class=&#8221;tz-title-about&#8221; css=&#8221;.vc_custom_1498465264493{padding-right: 0px !important;padding-left: 0px !important;}&#8221;][vc_column_text css=&#8221;.vc_custom_1593114521755{margin-bottom: 21px !important;}&#8221;]\n<h2 style=\"text-align: center;\">Travel Jerusalem<\/h2>\n[\/vc_column_text][vc_column_text css=&#8221;.vc_custom_1600942247467{margin-bottom: 2px !important;}&#8221;]\n<p style=\"text-align: justify;\"><span style=\"color: #000000;\"><strong>Mentions L\u00e9gales et Conditions G\u00e9n\u00e9rales d\u2019Utilisation du Site<\/strong><\/span><\/p>\n<p style=\"text-align: justify;\"><span style=\"color: #000000;\"><strong>TRAVEL JERUSALEM <\/strong>est la branche de Hla Tours et de sa plateforme de r\u00e9servation en ligne, op\u00e9rant depuis 1999, et agissant en tant que tour op\u00e9rateur r\u00e9ceptif en Terre Sainte et au Proche-Orient. Fournisseur de s\u00e9jours \u00e0 forfaits\u00a0: h\u00f4tels, accompagnement, transport, circuits et visites guid\u00e9es, et toutes sortes de services terrestres li\u00e9s aux besoins des voyageurs, individuels ou groupes. Partenaire et ayant ses entr\u00e9es aupr\u00e8s de nombreuses agences de voyages et tours op\u00e9rateurs de par le monde. Travel Jerusalem &amp; Hla Tours est une soci\u00e9t\u00e9 de voyages assur\u00e9e et agr\u00e9\u00e9e par les autorit\u00e9s locales, et membre de l&#8217;association des tours op\u00e9rateurs r\u00e9ceptifs en Terre Sainte. Il se conforme aux lois et r\u00e8glements locaux des organisateurs de voyages.<\/span><\/p>\n[\/vc_column_text][\/vc_column_inner][\/vc_row_inner][vc_row_inner css=&#8221;.vc_custom_1497002811554{margin-top: 39px !important;}&#8221;][vc_column_inner el_class=&#8221;tz-about-container&#8221; width=&#8221;1\/2&#8243;][vc_single_image image=&#8221;3290&#8243; img_size=&#8221;large&#8221; el_class=&#8221;tz-border-1&#8243;][vc_single_image image=&#8221;3292&#8243; img_size=&#8221;large&#8221; el_class=&#8221;tz-border-1&#8243;][vc_single_image image=&#8221;3288&#8243; img_size=&#8221;large&#8221; el_class=&#8221;tz-border-1&#8243;][vc_single_image image=&#8221;3287&#8243; img_size=&#8221;large&#8221; el_class=&#8221;tz-border-1&#8243;][vc_single_image image=&#8221;3285&#8243; img_size=&#8221;large&#8221; el_class=&#8221;tz-border-1&#8243;][\/vc_column_inner][vc_column_inner el_class=&#8221;tz-about-container&#8221; width=&#8221;1\/2&#8243; css=&#8221;.vc_custom_1498466461163{padding-top: 6px !important;}&#8221;][vc_column_text]\n<p style=\"text-align: justify;\"><span style=\"color: #000000;\">Les pr\u00e9sentes Conditions G\u00e9n\u00e9rales d\u2019Utilisation (ci-apr\u00e8s d\u00e9sign\u00e9es) ont vocation \u00e0 s\u2019appliquer de fa\u00e7on exclusive entre Travel Jerusalem et toute personne souhaitant acc\u00e9der \u00e0 ce site ou utiliser les services propos\u00e9s.<\/span><\/p>\n<p style=\"text-align: justify;\"><span style=\"color: #000000;\">En utilisant le site, vous reconnaissez avoir lu et accept\u00e9 les conditions g\u00e9n\u00e9rales et les conditions d\u2019utilisation et de confidentialit\u00e9. Si vous n&#8217;acceptez pas ces conditions ou la politique de confidentialit\u00e9, veuillez ne pas acc\u00e9der ni utiliser le site.<\/span><\/p>\n<p style=\"text-align: justify;\"><span style=\"color: #000000;\">Toute utilisation des services propos\u00e9s via le Site\u00a0:<span style=\"color: #3366ff;\"> <a style=\"color: #3366ff;\" href=\"http:\/\/www.travel\u2013jerusalem.com\">www.travel\u2013jerusalem.com<\/a><\/span> emporte de plein droit l\u2019application des pr\u00e9sentes<strong> conditions g\u00e9n\u00e9rales d\u2019utilisation et de nos conditions de vente<\/strong>. Nous vous invitons \u00e0 les lire attentivement.<\/span><\/p>\n<p style=\"text-align: justify;\"><span style=\"color: #000000;\">Le site est accessible gratuitement en tout lieu par tout utilisateur disposant d\u2019un acc\u00e8s \u00e0 internet.<\/span><\/p>\n<p style=\"text-align: justify;\"><span style=\"color: #000000;\"><strong>En particulier, vous acceptez de ne pas :<\/strong><\/span><\/p>\n<ul style=\"text-align: justify;\">\n<li><span style=\"color: #000000;\">Publier, transmettre ou diffuser toute information sur ou via ce site Web qui est ou peut \u00eatre fausse, nuisible, violente, diffamatoire ou ill\u00e9gale.<\/span><\/li>\n<li><span style=\"color: #000000;\">Utiliser ce site Web d&#8217;une mani\u00e8re qui cause ou peut causer une violation des droits de toute autre personne.<\/span><\/li>\n<li><span style=\"color: #000000;\">Effectuer toute r\u00e9servation non autoris\u00e9e, fausse ou frauduleuse.<\/span><\/li>\n<li><span style=\"color: #000000;\">Utilisez n&#8217;importe quel logiciel ou appareil pour interf\u00e9rer ou rendre disponibles des fichiers contenant des donn\u00e9es corrompues ou des virus par quelque moyen que ce soit.<\/span><\/li>\n<li><span style=\"color: #000000;\">Prendre toute action qui impose une charge d\u00e9raisonnable ou disproportionn\u00e9e sur ce site Web ou l&#8217;infrastructure associ\u00e9e.<\/span><\/li>\n<\/ul>\n<p style=\"text-align: justify;\"><span style=\"color: #000000;\">Sans pr\u00e9judice de nos droits, nous nous r\u00e9servons le droit d&#8217;annuler une r\u00e9servation sans pr\u00e9alable et sans dommage et int\u00e9r\u00eat et \/ ou vous refuser l&#8217;acc\u00e8s \u00e0 ce site Web, lorsque nous constatons une infraction ou non-respect de l&#8217;une de nos conditions.<\/span><\/p>\n<p style=\"text-align: justify;\"><span style=\"color: #000000;\"><strong>Modifications des conditions et des contenus du site web Travel Jerusalem<\/strong><\/span><\/p>\n<p style=\"text-align: justify;\"><span style=\"color: #000000;\">Nous vous informons que les dispositions des pr\u00e9sentes conditions sont susceptibles d\u2019\u00eatre modifi\u00e9es notamment en raison de l\u2019\u00e9volution l\u00e9gislative ou r\u00e9glementaire sans que la responsabilit\u00e9 de Travel Jerusalem ne puisse \u00eatre mise en cause.<\/span><\/p>\n<p style=\"text-align: justify;\"><span style=\"color: #000000;\">Nous pouvons apporter des am\u00e9liorations ou des modifications aux informations, services, produits et autres \u00e9l\u00e9ments de ce site Web. Nous pouvons \u00e9galement modifier ces termes et conditions \u00e0 tout moment, et une telle modification entrera en vigueur d\u00e8s leurs publications sur ce site Web. En cons\u00e9quence, votre acc\u00e8s ou votre utilisation continue de ce site Web est consid\u00e9r\u00e9 comme votre acceptation des conditions g\u00e9n\u00e9rales modifi\u00e9es.<\/span><\/p>\n<p style=\"text-align: justify;\"><span style=\"color: #000000;\"><strong>Protection de la vie priv\u00e9e<\/strong><\/span><\/p>\n<p style=\"text-align: justify;\"><span style=\"color: #000000;\">Travel Jerusalem s&#8217;engage \u00e0 prot\u00e9ger votre vie priv\u00e9e en tant qu&#8217;utilisateur de notre site Web et la confidentialit\u00e9 de toute information personnelle que vous pouvez nous fournir lors de votre visite sur le site.<\/span><\/p>\n<p style=\"text-align: justify;\"><span style=\"color: #000000;\">L&#8217;utilisateur est notamment inform\u00e9 que, conform\u00e9ment \u00e0 la loi, les informations personnelles communiqu\u00e9es par l&#8217;utilisateur du fait des formulaires pr\u00e9sents sur le site sont destin\u00e9es \u00e0 Travel Jerusalem et peuvent \u00eatre \u00e9ventuellement communiqu\u00e9es aux filiales du Groupe. L&#8217;utilisateur dispose de la facult\u00e9 de s&#8217;opposer \u00e0 cette cession en nous adressant la demande.<\/span><\/p>\n<p style=\"text-align: justify;\"><span style=\"color: #000000;\">L&#8217;utilisateur est inform\u00e9 que lors de ses visites sur le site, un cookie peut s&#8217;installer automatiquement sur son logiciel de navigation. Le cookie est un fichier de donn\u00e9es qui ne permet pas d&#8217;identifier l&#8217;utilisateur mais sert \u00e0 enregistrer des informations relatives \u00e0 la navigation de celui-ci sur le site. L&#8217;utilisation de ces cookies a pour finalit\u00e9 de proc\u00e9der \u00e0 des analyses de fr\u00e9quentation, mesures d&#8217;audience\u2026 afin d&#8217;am\u00e9liorer la qualit\u00e9 du site.<\/span><\/p>\n<p style=\"text-align: justify;\"><span style=\"color: #000000;\"><strong>Propri\u00e9t\u00e9 intellectuelle<\/strong><\/span><\/p>\n<p style=\"text-align: justify;\"><span style=\"color: #000000;\">Tous contenus et mat\u00e9riels sur le Service tels que les textes, graphiques, vid\u00e9os, \u0153uvres audiovisuelles, logos, photographies, ic\u00f4nes, images, clips audio et logiciels, sont la propri\u00e9t\u00e9 de Travel Jerusalem et Hla Tours ou de ses conc\u00e9dants de licence et, ils sont prot\u00e9g\u00e9s par les lois sur les droits d&#8217;auteur. Les contenus et mat\u00e9riels pr\u00e9sents sur le Site, exploit\u00e9, conc\u00e9d\u00e9 sous licence ou contr\u00f4l\u00e9 par Travel Jerusalem ne peuvent \u00eatre copi\u00e9s, sauf par un Utilisateur uniquement pour son utilisation personnelle, et de tels contenus et mat\u00e9riels ne peuvent \u00eatre distribu\u00e9s, republi\u00e9s, t\u00e9l\u00e9charg\u00e9s, publi\u00e9s ou transmis d&#8217;une quelconque mani\u00e8re, sans l&#8217;autorisation \u00e9crite pr\u00e9alable de Travel Jerusalem. La modification ou l&#8217;utilisation du contenu ou mat\u00e9riel \u00e0 toute autre fin violerait les droits de propri\u00e9t\u00e9 intellectuelle.<\/span><\/p>\n<p style=\"text-align: justify;\"><span style=\"color: #000000;\">Travel Jerusalem, et autres marques et logos sont la propri\u00e9t\u00e9 de Travel Jerusalem &amp; Hla Tours. L&#8217;utilisation non autoris\u00e9e de ces marques est interdite par la loi. Aucune partie du Service ni des conditions ne doit \u00eatre interpr\u00e9t\u00e9e comme conc\u00e9dant, implicitement, ou autrement, une quelconque licence ou droit d&#8217;utilisation d&#8217;une quelconque Marque affich\u00e9e sur ce Service sans l&#8217;autorisation \u00e9crite pr\u00e9alable de Travel Jerusalem sp\u00e9cifique pour chaque utilisation.<\/span><\/p>\n<p>\u00a0[\/vc_column_text][vc_empty_space][\/vc_column_inner][\/vc_row_inner][\/vc_column][\/vc_row][vc_row tz_row_type=&#8221;grid&#8221; css=&#8221;.vc_custom_1497239963970{padding-top: 51px !important;padding-bottom: 66px !important;}&#8221;][vc_column][\/vc_column][\/vc_row]\n","protected":false},"excerpt":{"rendered":"<p>[vc_row tz_row_type=&#8221;grid&#8221; css=&#8221;.vc_custom_1497004699496{padding-bottom: 51px !important;background-color: #fafafa !important;}&#8221;][vc_column css=&#8221;.vc_custom_1496996563122{padding-right: 0px !important;padding-left: 0px !important;}&#8221;][vc_row_inner css=&#8221;.vc_custom_1496997267138{margin-top: 52px !important;}&#8221;][vc_column_inner el_class=&#8221;tz-title-about&#8221; css=&#8221;.vc_custom_1498465264493{padding-right: 0px !important;padding-left: 0px !important;}&#8221;][vc_column_text css=&#8221;.vc_custom_1593114521755{margin-bottom: 21px !important;}&#8221;] Travel Jerusalem [\/vc_column_text][vc_column_text css=&#8221;.vc_custom_1600942247467{margin-bottom: 2px !important;}&#8221;] Mentions L\u00e9gales et Conditions G\u00e9n\u00e9rales d\u2019Utilisation du Site TRAVEL JERUSALEM est la branche de Hla Tours et de sa plateforme de r\u00e9servation en ligne, op\u00e9rant [&hellip;]<\/p>\n","protected":false},"author":2,"featured_media":0,"parent":0,"menu_order":0,"comment_status":"closed","ping_status":"closed","template":"","meta":{"om_disable_all_campaigns":false,"_monsterinsights_skip_tracking":false,"_monsterinsights_sitenote_active":false,"_monsterinsights_sitenote_note":"","_monsterinsights_sitenote_category":0,"footnotes":""},"class_list":["post-3214","page","type-page","status-publish","hentry"],"aioseo_notices":[],"_links":{"self":[{"href":"https:\/\/travel-jerusalem.com\/index.php?rest_route=\/wp\/v2\/pages\/3214","targetHints":{"allow":["GET"]}}],"collection":[{"href":"https:\/\/travel-jerusalem.com\/index.php?rest_route=\/wp\/v2\/pages"}],"about":[{"href":"https:\/\/travel-jerusalem.com\/index.php?rest_route=\/wp\/v2\/types\/page"}],"author":[{"embeddable":true,"href":"https:\/\/travel-jerusalem.com\/index.php?rest_route=\/wp\/v2\/users\/2"}],"replies":[{"embeddable":true,"href":"https:\/\/travel-jerusalem.com\/index.php?rest_route=%2Fwp%2Fv2%2Fcomments&post=3214"}],"version-history":[{"count":16,"href":"https:\/\/travel-jerusalem.com\/index.php?rest_route=\/wp\/v2\/pages\/3214\/revisions"}],"predecessor-version":[{"id":3459,"href":"https:\/\/travel-jerusalem.com\/index.php?rest_route=\/wp\/v2\/pages\/3214\/revisions\/3459"}],"wp:attachment":[{"href":"https:\/\/travel-jerusalem.com\/index.php?rest_route=%2Fwp%2Fv2%2Fmedia&parent=3214"}],"curies":[{"name":"wp","href":"https:\/\/api.w.org\/{rel}","templated":true}]}}